{"id":112,"date":"2017-04-04T11:01:31","date_gmt":"2017-04-04T11:01:31","guid":{"rendered":"http:\/\/containerartcare.com\/?page_id=112"},"modified":"2020-05-19T15:39:42","modified_gmt":"2020-05-19T15:39:42","slug":"news","status":"publish","type":"page","link":"http:\/\/containerartcare.com\/?page_id=112","title":{"rendered":"News"},"content":{"rendered":"<p><b>N\u00e4chste Ausstellung beginnt am 14. April 2018: Sankt Martin \/ Pfalz.<\/b><\/p>\n<p>Am 14.April 2018&nbsp;startete unsere n\u00e4chste Ausstellung in Sankt Martin in der Pfalz.<\/p>\n<p>Der erste &#8211; rote &#8211; Art Container &#8222;Metawerte&#8220; von insgesamt 5 Containern wird in Sankt Martin im Stadtzentrum aufgestellt. Die Er\u00f6ffnung wird am 14.4.2018 im Pfarrzentrum mit einer Podiumsdiskussion und vielen interessanten G\u00e4sten er\u00f6ffnet. Der K\u00fcnstler Rudi Fischer wird auch anwesend sein. Die Ausstellungsreihe wird insgesamt an 5 Standorten in der Pfalz durchgef\u00fchrt. Das bedeutet, dass der n\u00e4chste Container &#8222;Camouflage&#8220; nicht in Sankt Martin, sondern einem weiteren Standort in der Pfalz gezeigt wird.<\/p>\n\n\n<!--nextpage-->\n\n\n\n<p><strong>Ausstellung Zeichen der Zeit 15. Mai bis 31. Mai 2020 <\/strong><\/p>\n\n\n\n<p>im Kunst- und Kreativhaus Rechenzentrum Potsdam, Dortusstrasse 46 zeigt die Modell-Container des Werkszyklus &#8222;Wertsch\u00f6pfungskette&#8220; von Rudi Fischer<\/p>\n\n\n\n<p>\u00d6ffnungszeiten: Donnerstag 14 &#8211; 18 Uhr, Samstag 11 &#8211; 14 Uhr, Sonntag 11 &#8211; 16 Uhr<\/p>\n\n\n\n<p><img loading=\"lazy\" width=\"750\" height=\"1053\" class=\"wp-image-573\" style=\"width: 150px;\" src=\"http:\/\/containerartcare.com\/site\/wp-content\/uploads\/2020\/05\/fullsizeoutput_2172.jpeg\" alt=\"\" srcset=\"http:\/\/containerartcare.com\/site\/wp-content\/uploads\/2020\/05\/fullsizeoutput_2172.jpeg 750w, http:\/\/containerartcare.com\/site\/wp-content\/uploads\/2020\/05\/fullsizeoutput_2172-214x300.jpeg 214w, http:\/\/containerartcare.com\/site\/wp-content\/uploads\/2020\/05\/fullsizeoutput_2172-729x1024.jpeg 729w, http:\/\/containerartcare.com\/site\/wp-content\/uploads\/2020\/05\/fullsizeoutput_2172-250x351.jpeg 250w, http:\/\/containerartcare.com\/site\/wp-content\/uploads\/2020\/05\/fullsizeoutput_2172-550x772.jpeg 550w, http:\/\/containerartcare.com\/site\/wp-content\/uploads\/2020\/05\/fullsizeoutput_2172-128x180.jpeg 128w, http:\/\/containerartcare.com\/site\/wp-content\/uploads\/2020\/05\/fullsizeoutput_2172-356x500.jpeg 356w\" sizes=\"(max-width: 750px) 100vw, 750px\" \/><\/p>\n","protected":false},"excerpt":{"rendered":"<p>N\u00e4chste Ausstellung beginnt am 14. April 2018: Sankt Martin \/ Pfalz. Am 14.April 2018&nbsp;startete unsere n\u00e4chste Ausstellung in Sankt Martin in der Pfalz. Der erste &#8211; rote &#8211; Art Container &#8222;Metawerte&#8220; von insgesamt 5 Containern wird in Sankt Martin im Stadtzentrum aufgestellt. Die Er\u00f6ffnung wird am 14.4.2018 im Pfarrzentrum mit einer Podiumsdiskussion und vielen interessanten [&hellip;]<\/p>\n","protected":false},"author":1,"featured_media":0,"parent":0,"menu_order":15,"comment_status":"closed","ping_status":"closed","template":"SinglePage.php","meta":[],"_links":{"self":[{"href":"http:\/\/containerartcare.com\/index.php?rest_route=\/wp\/v2\/pages\/112"}],"collection":[{"href":"http:\/\/containerartcare.com\/index.php?rest_route=\/wp\/v2\/pages"}],"about":[{"href":"http:\/\/containerartcare.com\/index.php?rest_route=\/wp\/v2\/types\/page"}],"author":[{"embeddable":true,"href":"http:\/\/containerartcare.com\/index.php?rest_route=\/wp\/v2\/users\/1"}],"replies":[{"embeddable":true,"href":"http:\/\/containerartcare.com\/index.php?rest_route=%2Fwp%2Fv2%2Fcomments&post=112"}],"version-history":[{"count":4,"href":"http:\/\/containerartcare.com\/index.php?rest_route=\/wp\/v2\/pages\/112\/revisions"}],"predecessor-version":[{"id":574,"href":"http:\/\/containerartcare.com\/index.php?rest_route=\/wp\/v2\/pages\/112\/revisions\/574"}],"wp:attachment":[{"href":"http:\/\/containerartcare.com\/index.php?rest_route=%2Fwp%2Fv2%2Fmedia&parent=112"}],"curies":[{"name":"wp","href":"https:\/\/api.w.org\/{rel}","templated":true}]}}