{"id":12,"date":"2017-03-30T13:43:02","date_gmt":"2017-03-30T13:43:02","guid":{"rendered":"http:\/\/containerartcare.com\/?page_id=12"},"modified":"2018-03-08T18:27:52","modified_gmt":"2018-03-08T18:27:52","slug":"tickets","status":"publish","type":"page","link":"http:\/\/containerartcare.com\/?page_id=12","title":{"rendered":"Tickets"},"content":{"rendered":"<p><b>Ausw\u00e4hlen, Ticket online ordern oder in Sankt Martin vobeikommen!<\/b><\/p>\n<p>Tickets f\u00fcr die f\u00fcnf Kunst-Container Standorte erhalten Sie hier online zum Preis von 5,- Euro pro Standort, beginnend mit Sankt Martin ab dem 14. April 2018. Wer alle f\u00fcnf Container\u00a0besuchen m\u00f6chte, erh\u00e4lt die f\u00fcnf Tickets zum Preis von vieren, also f\u00fcr nur 20,- Euro. Mit der Ticketgeb\u00fchr bezahlen Sie nicht nur den Eintritt in den jeweiligen Kunst-Container, sie unterst\u00fctzen die Gesamtaktion und helfen mit, damit die Ausstellungen durchgef\u00fchrt werden k\u00f6nnen.<br \/>\nWer direkt in Sankt Martin vor Ort ein Ticket beziehen m\u00f6chte, kann dies an der Tourist-Info, in der Alten Kellerei, Kellereistra\u00dfe 1, 67487 Sankt Martin zu gleichen Konditionen erwerben.<\/p>\n<p><b>Was ist beim Ausstellungsbesuch zu beachten?<\/b><\/p>\n<p>Bitte bringen Sie Ihr <strong>Smartphone oder Tablet<\/strong> mit, um interaktive Elemente der Ausstellungen in vollem Umfang wahrnehmen zu k\u00f6nnen. Wir freuen uns auf Ihren Besuch!<\/p>\n<h2 class=\"cta\"><a href=\"https:\/\/shop.ticketpay.de\/organizer\/YWDGOFK4?\" target=\"_blank\" rel=\"noopener\">Ticketbestellung<\/a><\/h2>\n","protected":false},"excerpt":{"rendered":"<p>Ausw\u00e4hlen, Ticket online ordern oder in Sankt Martin vobeikommen! Tickets f\u00fcr die f\u00fcnf Kunst-Container Standorte erhalten Sie hier online zum Preis von 5,- Euro pro Standort, beginnend mit Sankt Martin ab dem 14. April 2018. Wer alle f\u00fcnf Container\u00a0besuchen m\u00f6chte, erh\u00e4lt die f\u00fcnf Tickets zum Preis von vieren, also f\u00fcr nur 20,- Euro. Mit der [&hellip;]<\/p>\n","protected":false},"author":2,"featured_media":0,"parent":0,"menu_order":3,"comment_status":"closed","ping_status":"closed","template":"OnePage.php","meta":[],"_links":{"self":[{"href":"http:\/\/containerartcare.com\/index.php?rest_route=\/wp\/v2\/pages\/12"}],"collection":[{"href":"http:\/\/containerartcare.com\/index.php?rest_route=\/wp\/v2\/pages"}],"about":[{"href":"http:\/\/containerartcare.com\/index.php?rest_route=\/wp\/v2\/types\/page"}],"author":[{"embeddable":true,"href":"http:\/\/containerartcare.com\/index.php?rest_route=\/wp\/v2\/users\/2"}],"replies":[{"embeddable":true,"href":"http:\/\/containerartcare.com\/index.php?rest_route=%2Fwp%2Fv2%2Fcomments&post=12"}],"version-history":[{"count":15,"href":"http:\/\/containerartcare.com\/index.php?rest_route=\/wp\/v2\/pages\/12\/revisions"}],"predecessor-version":[{"id":424,"href":"http:\/\/containerartcare.com\/index.php?rest_route=\/wp\/v2\/pages\/12\/revisions\/424"}],"wp:attachment":[{"href":"http:\/\/containerartcare.com\/index.php?rest_route=%2Fwp%2Fv2%2Fmedia&parent=12"}],"curies":[{"name":"wp","href":"https:\/\/api.w.org\/{rel}","templated":true}]}}