{"id":20,"date":"2017-03-30T13:45:16","date_gmt":"2017-03-30T13:45:16","guid":{"rendered":"http:\/\/containerartcare.com\/?page_id=20"},"modified":"2018-03-08T18:29:17","modified_gmt":"2018-03-08T18:29:17","slug":"rudi-fischer","status":"publish","type":"page","link":"http:\/\/containerartcare.com\/?page_id=20","title":{"rendered":"Rudi Fischer"},"content":{"rendered":"<p><b><img loading=\"lazy\" class=\"size-medium wp-image-79 alignleft\" src=\"http:\/\/containerartcare.com\/wp-content\/uploads\/2017\/03\/Bildschirmfoto-2017-04-03-um-17.44.24-201x300.png\" alt=\"\" width=\"201\" height=\"300\" srcset=\"http:\/\/containerartcare.com\/site\/wp-content\/uploads\/2017\/03\/Bildschirmfoto-2017-04-03-um-17.44.24-201x300.png 201w, http:\/\/containerartcare.com\/site\/wp-content\/uploads\/2017\/03\/Bildschirmfoto-2017-04-03-um-17.44.24-768x1145.png 768w, http:\/\/containerartcare.com\/site\/wp-content\/uploads\/2017\/03\/Bildschirmfoto-2017-04-03-um-17.44.24-687x1024.png 687w, http:\/\/containerartcare.com\/site\/wp-content\/uploads\/2017\/03\/Bildschirmfoto-2017-04-03-um-17.44.24.png 1072w\" sizes=\"(max-width: 201px) 100vw, 201px\" \/>Rudi Fischer \u2013 Kunst f\u00fcr eine bessere Welt\u00a0<\/b><\/p>\n<p>Fischer interessiert die Verbindung von Kunst, Gesellschaft, Politik und sozialer Aktion im \u00f6ffentlichen Raum. Er ist seit 30 Jahren\u00a0 k\u00fcnstlerisch t\u00e4tig. Seine Werke fanden in zahlreichen Ausstellungen in Deutschland und in den USA den Weg an die \u00d6ffentlichkeit. Seit nunmehr 10 Jahren verfolgt Rudi Fischer die Idee der artcontainer \u2013 und kann sie nun endlich verwirklichen. Durch artcontainer soll jedem Besucher soll das Bewusstsein erm\u00f6glicht werden, dass er selbst zur Erhaltung unseres Lebensraumes beitragen kann.<\/p>\n<p>Seine jahrelange T\u00e4tigkeit im Management der Allianz f\u00fchrte ihn an verschiedene Standorte weltweit, u.a. verbrachte er drei Jahre in in Los Angeles.<\/p>\n<p>Die erste Ausstellung fand vom 29. April \u00a0 bis 29. Mai 2017 in\u00a0Stade statt und die n\u00e4chste wird am 14. April 2018 in Sankt Martin\/ Pfalz beginnen.<\/p>\n<p><a href=\"https:\/\/de.wikipedia.org\/w\/index.php?title=Rudi_Fischer_(K\u00fcnstler)&amp;stable=0&amp;redirect=no\">Hier der Eintrag bei Wikipedia zu dem K\u00fcnstler<\/a><\/p>\n<p>Ausz\u00fcge aus verschiedenen Werkszyklen.<\/p>\n<p>&nbsp;<\/p>\n<p>&nbsp;<\/p>\n<p>&nbsp;<\/p>\n<p>&nbsp;<\/p>\n<style type=\"text\/css\">.foogallery-album-gallery-list .foogallery-pile h3 { background: #fff !important; }.foogallery-album-gallery-list .foogallery-pile h3 { color: #000000 !important; }<\/style><div id=\"foogallery-album-178\">\r\n\t<ul class=\"foogallery-album-gallery-list alignment-left\">\r\n\t\t\t\t\t\t<li>\r\n\t\t\t\t\t<div class=\"foogallery-pile\">\r\n\t\t\t\t\t\t<div class=\"foogallery-pile-inner\">\r\n\t\t\t\t\t\t\t<a href=\"\/index.php?rest_route=%2Fwp%2Fv2%2Fpages%2F20&#038;gallery=merging-triangles\" target=\"_self\">\r\n\t\t\t\t\t\t\t\t<img  src=\"http:\/\/containerartcare.com\/site\/wp-content\/uploads\/cache\/2017\/04\/IMG_1069a\/3045074247.jpg\" width=\"240\" height=\"240\" \/>\t\t\t\t\t\t\t\t\t\t\t\t\t\t\t\t<h3>Merging Triangles\t\t\t\t\t\t\t\t\t<span>3 Bilder<\/span>\r\n\t\t\t\t\t\t\t\t<\/h3>\r\n\t\t\t\t\t\t\t<\/a>\r\n\t\t\t\t\t\t<\/div>\r\n\t\t\t\t\t<\/div>\r\n\t\t\t\t<\/li>\r\n\t\t\t\t\t\t\t\t\t<li>\r\n\t\t\t\t\t<div class=\"foogallery-pile\">\r\n\t\t\t\t\t\t<div class=\"foogallery-pile-inner\">\r\n\t\t\t\t\t\t\t<a href=\"\/index.php?rest_route=%2Fwp%2Fv2%2Fpages%2F20&#038;gallery=section\" target=\"_self\">\r\n\t\t\t\t\t\t\t\t<img  src=\"http:\/\/containerartcare.com\/site\/wp-content\/uploads\/cache\/2017\/04\/Section-Image-1\/966012844.jpg\" width=\"240\" height=\"240\" \/>\t\t\t\t\t\t\t\t\t\t\t\t\t\t\t\t<h3>Section\t\t\t\t\t\t\t\t\t<span>3 Bilder<\/span>\r\n\t\t\t\t\t\t\t\t<\/h3>\r\n\t\t\t\t\t\t\t<\/a>\r\n\t\t\t\t\t\t<\/div>\r\n\t\t\t\t\t<\/div>\r\n\t\t\t\t<\/li>\r\n\t\t\t\t\t\t\t\t\t<li>\r\n\t\t\t\t\t<div class=\"foogallery-pile\">\r\n\t\t\t\t\t\t<div class=\"foogallery-pile-inner\">\r\n\t\t\t\t\t\t\t<a href=\"\/index.php?rest_route=%2Fwp%2Fv2%2Fpages%2F20&#038;gallery=cart\" target=\"_self\">\r\n\t\t\t\t\t\t\t\t<img  src=\"http:\/\/containerartcare.com\/site\/wp-content\/uploads\/cache\/2017\/04\/Cart-Image-1\/1756010967.jpg\" width=\"240\" height=\"240\" \/>\t\t\t\t\t\t\t\t\t\t\t\t\t\t\t\t<h3>Cart\t\t\t\t\t\t\t\t\t<span>3 Bilder<\/span>\r\n\t\t\t\t\t\t\t\t<\/h3>\r\n\t\t\t\t\t\t\t<\/a>\r\n\t\t\t\t\t\t<\/div>\r\n\t\t\t\t\t<\/div>\r\n\t\t\t\t<\/li>\r\n\t\t\t\t\t\t\t\t\t<li>\r\n\t\t\t\t\t<div class=\"foogallery-pile\">\r\n\t\t\t\t\t\t<div class=\"foogallery-pile-inner\">\r\n\t\t\t\t\t\t\t<a href=\"\/index.php?rest_route=%2Fwp%2Fv2%2Fpages%2F20&#038;gallery=dynamic\" target=\"_self\">\r\n\t\t\t\t\t\t\t\t<img  src=\"http:\/\/containerartcare.com\/site\/wp-content\/uploads\/cache\/2017\/04\/Dynamic-Image-1\/152559140.jpg\" width=\"240\" height=\"240\" \/>\t\t\t\t\t\t\t\t\t\t\t\t\t\t\t\t<h3>Dynamic\t\t\t\t\t\t\t\t\t<span>3 Bilder<\/span>\r\n\t\t\t\t\t\t\t\t<\/h3>\r\n\t\t\t\t\t\t\t<\/a>\r\n\t\t\t\t\t\t<\/div>\r\n\t\t\t\t\t<\/div>\r\n\t\t\t\t<\/li>\r\n\t\t\t\t\t\t\t\t\t<li>\r\n\t\t\t\t\t<div class=\"foogallery-pile\">\r\n\t\t\t\t\t\t<div class=\"foogallery-pile-inner\">\r\n\t\t\t\t\t\t\t<a href=\"\/index.php?rest_route=%2Fwp%2Fv2%2Fpages%2F20&#038;gallery=coloured-glass\" target=\"_self\">\r\n\t\t\t\t\t\t\t\t<img  src=\"http:\/\/containerartcare.com\/site\/wp-content\/uploads\/cache\/2017\/04\/Glass-Stones-Image-1\/1654884795.jpg\" width=\"240\" height=\"240\" \/>\t\t\t\t\t\t\t\t\t\t\t\t\t\t\t\t<h3>Coloured Glass\t\t\t\t\t\t\t\t\t<span>3 Bilder<\/span>\r\n\t\t\t\t\t\t\t\t<\/h3>\r\n\t\t\t\t\t\t\t<\/a>\r\n\t\t\t\t\t\t<\/div>\r\n\t\t\t\t\t<\/div>\r\n\t\t\t\t<\/li>\r\n\t\t\t\t\t\t\t\t\t<li>\r\n\t\t\t\t\t<div class=\"foogallery-pile\">\r\n\t\t\t\t\t\t<div class=\"foogallery-pile-inner\">\r\n\t\t\t\t\t\t\t<a href=\"\/index.php?rest_route=%2Fwp%2Fv2%2Fpages%2F20&#038;gallery=photography\" target=\"_self\">\r\n\t\t\t\t\t\t\t\t<img  src=\"http:\/\/containerartcare.com\/site\/wp-content\/uploads\/cache\/2017\/04\/Fotografie-Image-1\/3612107211.jpg\" width=\"240\" height=\"240\" \/>\t\t\t\t\t\t\t\t\t\t\t\t\t\t\t\t<h3>Photography\t\t\t\t\t\t\t\t\t<span>3 Bilder<\/span>\r\n\t\t\t\t\t\t\t\t<\/h3>\r\n\t\t\t\t\t\t\t<\/a>\r\n\t\t\t\t\t\t<\/div>\r\n\t\t\t\t\t<\/div>\r\n\t\t\t\t<\/li>\r\n\t\t\t\t\t\t\t\t\t<li>\r\n\t\t\t\t\t<div class=\"foogallery-pile\">\r\n\t\t\t\t\t\t<div class=\"foogallery-pile-inner\">\r\n\t\t\t\t\t\t\t<a href=\"\/index.php?rest_route=%2Fwp%2Fv2%2Fpages%2F20&#038;gallery=anticipated-forms\" target=\"_self\">\r\n\t\t\t\t\t\t\t\t<img  src=\"http:\/\/containerartcare.com\/site\/wp-content\/uploads\/cache\/2017\/04\/AnticipatedFormsPic-1\/1175378325.jpg\" width=\"240\" height=\"240\" \/>\t\t\t\t\t\t\t\t\t\t\t\t\t\t\t\t<h3>Anticipated forms\t\t\t\t\t\t\t\t\t<span>3 Bilder<\/span>\r\n\t\t\t\t\t\t\t\t<\/h3>\r\n\t\t\t\t\t\t\t<\/a>\r\n\t\t\t\t\t\t<\/div>\r\n\t\t\t\t\t<\/div>\r\n\t\t\t\t<\/li>\r\n\t\t\t\t\t\t\t\t\t<li>\r\n\t\t\t\t\t<div class=\"foogallery-pile\">\r\n\t\t\t\t\t\t<div class=\"foogallery-pile-inner\">\r\n\t\t\t\t\t\t\t<a href=\"\/index.php?rest_route=%2Fwp%2Fv2%2Fpages%2F20&#038;gallery=early-painting\" target=\"_self\">\r\n\t\t\t\t\t\t\t\t<img  src=\"http:\/\/containerartcare.com\/site\/wp-content\/uploads\/cache\/2017\/04\/fireandIce\/2226345115.jpg\" width=\"240\" height=\"240\" \/>\t\t\t\t\t\t\t\t\t\t\t\t\t\t\t\t<h3>Early painting\t\t\t\t\t\t\t\t\t<span>3 Bilder<\/span>\r\n\t\t\t\t\t\t\t\t<\/h3>\r\n\t\t\t\t\t\t\t<\/a>\r\n\t\t\t\t\t\t<\/div>\r\n\t\t\t\t\t<\/div>\r\n\t\t\t\t<\/li>\r\n\t\t\t\t\t\t<\/ul>\r\n\t<div style=\"clear: both;\"><\/div>\r\n<\/div>\r\n\n","protected":false},"excerpt":{"rendered":"<p>Rudi Fischer \u2013 Kunst f\u00fcr eine bessere Welt\u00a0 Fischer interessiert die Verbindung von Kunst, Gesellschaft, Politik und sozialer Aktion im \u00f6ffentlichen Raum. Er ist seit 30 Jahren\u00a0 k\u00fcnstlerisch t\u00e4tig. Seine Werke fanden in zahlreichen Ausstellungen in Deutschland und in den USA den Weg an die \u00d6ffentlichkeit. Seit nunmehr 10 Jahren verfolgt Rudi Fischer die Idee [&hellip;]<\/p>\n","protected":false},"author":2,"featured_media":0,"parent":0,"menu_order":0,"comment_status":"closed","ping_status":"closed","template":"SinglePage.php","meta":[],"_links":{"self":[{"href":"http:\/\/containerartcare.com\/index.php?rest_route=\/wp\/v2\/pages\/20"}],"collection":[{"href":"http:\/\/containerartcare.com\/index.php?rest_route=\/wp\/v2\/pages"}],"about":[{"href":"http:\/\/containerartcare.com\/index.php?rest_route=\/wp\/v2\/types\/page"}],"author":[{"embeddable":true,"href":"http:\/\/containerartcare.com\/index.php?rest_route=\/wp\/v2\/users\/2"}],"replies":[{"embeddable":true,"href":"http:\/\/containerartcare.com\/index.php?rest_route=%2Fwp%2Fv2%2Fcomments&post=20"}],"version-history":[{"count":12,"href":"http:\/\/containerartcare.com\/index.php?rest_route=\/wp\/v2\/pages\/20\/revisions"}],"predecessor-version":[{"id":374,"href":"http:\/\/containerartcare.com\/index.php?rest_route=\/wp\/v2\/pages\/20\/revisions\/374"}],"wp:attachment":[{"href":"http:\/\/containerartcare.com\/index.php?rest_route=%2Fwp%2Fv2%2Fmedia&parent=20"}],"curies":[{"name":"wp","href":"https:\/\/api.w.org\/{rel}","templated":true}]}}