{"id":37,"date":"2017-03-30T13:52:24","date_gmt":"2017-03-30T13:52:24","guid":{"rendered":"http:\/\/containerartcare.com\/?page_id=37"},"modified":"2018-03-20T11:17:56","modified_gmt":"2018-03-20T11:17:56","slug":"impressum","status":"publish","type":"page","link":"http:\/\/containerartcare.com\/?page_id=37","title":{"rendered":"Impressum"},"content":{"rendered":"<p>Container Artcare e.V<br \/>\nPostfach 140121<br \/>\n14301 Berlin<br \/>\nGermany<\/p>\n<p>phone: +49 1717523982<br \/>\nEmail Uns!<br \/>\nwww.containerartcare.com<\/p>\n<p>Vorsitzender: Rudi Fischer<br \/>\nRegistergericht: Amtsgericht Bremen<br \/>\nRegisternummer: VR 7984<br \/>\nUmsatzsteuer-Identifikationsnummer: 60 146 13380<\/p>\n<p><strong>DATENSCHUTZ<\/strong><\/p>\n<p>Container Art Care e.V. freut sich \u00fcber Ihren Besuch auf unserer Website sowie \u00fcber Ihr Interesse an unserem Unternehmen und unseren Produkten. Wir nehmen den Schutz Ihrer privaten Daten ernst und wir m\u00f6chten, dass Sie sich beim Besuch unserer Internet-Seiten wohl f\u00fchlen. Der Schutz Ihrer Privatsph\u00e4re bei der Verarbeitung personenbezogener Daten ist f\u00fcr uns ein wichtiges Anliegen, das wir bei unseren Gesch\u00e4ftsprozessen ber\u00fccksichtigen. Wir verarbeiten personenbezogene Daten, die beim Besuch unserer Webseiten erhoben werden gem\u00e4\u00df den datenschutzrechtlichen Bestimmungen des Landes, in dem die f\u00fcr die Datenverarbeitung verantwortliche Stelle sitzt. Unsere Datenschutzpolitik richtet sich<\/p>\n<p>Container Art Care e.V. Webseiten k\u00f6nnen Links zu Websites anderer Anbieter enthalten, auf die sich diese Datenschutzerkl\u00e4rung nicht erstreckt.<\/p>\n<p><strong>Erhebung und Verarbeitung personenbezogener Daten.<\/strong><\/p>\n<p>Wenn Sie unsere Website besuchen, speichern unsere Webserver standardm\u00e4\u00dfig unter anderem Angaben zu dem von Ihnen verwenden Browser und Betriebssystem, die Website, von der aus Sie uns besuchen, die Webseiten, die Sie bei uns besuchen, das Datum des Besuches sowie aus Sicherheitsgr\u00fcnden, z. B. zur Erkennung von Angriffen auf unsere Webseiten, und f\u00fcr die Dauer von sieben Tagen die IP-Adresse, die Ihnen von Ihrem Internet Service Provider zugewiesen wurde. Mit Ausnahme der IP-Adresse werden personenbezogene Daten nur dann gespeichert, wenn Sie uns diese von sich aus, z. B. im Rahmen einer Registrierung, einer Umfrage, eines Preisausschreibens oder zur Durchf\u00fchrung eines Vertrages angeben.<\/p>\n<p><strong>Nutzung und Weitergabe personenbezogener Daten und Zweckbindung.<\/strong><\/p>\n<p>Container Art Care e.V. nutzt Ihre personenbezogenen Daten zu Zwecken der technischen Administration der Website und f\u00fcr das Marketing nur im jeweils daf\u00fcr erforderlichen Umfang.<\/p>\n<p>\u00dcbermittlungen personenbezogener Daten an staatliche Einrichtungen und Beh\u00f6rden erfolgen nur im Rahmen zwingender nationaler Rechts-vorschriften.<\/p>\n<p><strong>Newsletter.<\/strong><\/p>\n<p>Auf unserer Website k\u00f6nnen gegebenenfalls Newsletter abonniert werden. Die bei der Newsletter-Anmeldung angegebenen Daten werden, sofern Sie nicht einer weitergehenden Nutzung zustimmen, nur f\u00fcr den Versand des Newsletters verwendet. Sie k\u00f6nnen das Abonnement jederzeit \u00fcber die im Newsletter vorgesehene Abmeldem\u00f6glichkeit beenden.<\/p>\n<p><strong>Social Plugins.<\/strong><\/p>\n<p>Container Art Care e.V. verwendet sogenannte Social Plugins (nachfolgend Schaltfl\u00e4chen) sozialer Netzwerke wie Facebook, LinkedIn, Twitter und Google+.<\/p>\n<p>Bei Ihrem Besuch auf unserer Website sind diese Schaltfl\u00e4chen standardm\u00e4\u00dfig deaktiviert, d.h. sie senden ohne Ihr Zutun keine Daten an die jeweiligen sozialen Netzwerke. Bevor Sie die Schaltfl\u00e4chen nutzen k\u00f6nnen, m\u00fcssen Sie diese mit Ihrem Klick aktivieren. Die Schaltfl\u00e4che bleibt so lange aktiv, bis Sie sie wieder deaktivieren oder Ihre Cookies l\u00f6schen. N\u00e4here Informationen zu Cookies erhalten Sie in unseren Cookie-Hinweisen.<\/p>\n<p>Nach der Aktivierung wird eine direkte Verbindung mit dem Server des jeweiligen sozialen Netzwerks aufgebaut. Der Inhalt der Schaltfl\u00e4che wird dann von den sozialen Netzwerken direkt an Ihren Browser \u00fcbertragen und von diesem in die Webseite eingebunden.<\/p>\n<p>Nach Aktivierung einer Schaltfl\u00e4che kann das jeweilige soziale Netzwerk bereits Daten erheben, unabh\u00e4ngig davon, ob Sie mit der Schaltfl\u00e4che interagieren. Sind Sie bei einem sozialen Netzwerk eingeloggt, kann dieses Ihren Besuch dieser Website Ihrem Benutzerkonto zuordnen.<\/p>\n<p>Wenn Sie Mitglied bei einem sozialen Netzwerk sind und nicht m\u00f6chten, dass dieses die bei Ihrem Besuch unserer Website gesammelten Daten mit Ihren gespeicherten Mitgliedsdaten verkn\u00fcpft, m\u00fcssen Sie sich vor der Aktivierung der Schaltfl\u00e4chen aus dem jeweiligen sozialen Netzwerk ausloggen.<\/p>\n<p>Auf den Umfang der Daten, die von den sozialen Netzwerken mit ihren Schaltfl\u00e4chen erhoben werden, haben wir keinen Einfluss. Zweck und Umfang der Datenerhebung und die weitere Verarbeitung und Nutzung der Daten durch die jeweiligen sozialen Netzwerke sowie Ihre diesbez\u00fcglichen Rechte und Einstellungsm\u00f6glichkeiten zum Schutz Ihrer Privatsph\u00e4re entnehmen Sie bitte den Datenschutzhinweisen der jeweiligen sozialen Netzwerke.<\/p>\n<p><strong>Cookies.<\/strong><\/p>\n<p>Informationen zu den von uns verwendeten Cookies und deren Funktionen finden Sie in unseren Cookie-Hinweisen.<\/p>\n<p><strong>Auswertung von Nutzungsdaten &amp; interessenbezog. Informationen .<\/strong><\/p>\n<p>Um Pr\u00e4ferenzen der Besucher und besonders popul\u00e4re Bereiche unseres Internetangebots erkennen zu k\u00f6nnen, verwenden wir Google Analytics Produkte. So k\u00f6nnen wir die Inhalte unserer Internetseiten gezielter auf Ihre Bed\u00fcrfnisse abstimmen und somit unser Angebot f\u00fcr Sie verbessern.<\/p>\n<p><strong>Auskunftsrecht.<\/strong><\/p>\n<p>Auf Anforderung teilen wir Ihnen m\u00f6glichst umgehend schriftlich entsprechend des geltenden Rechts mit, ob und welche personenbezogenen Daten \u00fcber Sie bei uns gespeichert sind. Sind Sie als Nutzer registriert, bieten wir Ihnen auch die M\u00f6glichkeit, die Daten selbst zu sehen und gegebenenfalls zu l\u00f6schen oder zu \u00e4ndern. Sollten trotz unserer Bem\u00fchungen um Datenrichtigkeit und Aktualit\u00e4t falsche Informationen gespeichert sein, werden wir diese auf Ihre Aufforderung hin berichtigen.<\/p>\n<p><strong>Cookie Hinweise.<\/strong><\/p>\n<p>Container Art Care e.V. verwendet Cookies und \u00e4hnliche Technologien wie beispielsweise HTML5 Storage oder Local Shared Objects (nachfolgend insgesamt \u201eCookies\u201c genannt), um Pr\u00e4ferenzen der Nutzer erkennen und die Webseiten optimal gestalten zu k\u00f6nnen. Dies erm\u00f6glicht eine Erleichterung der Navigation und ein hohes Ma\u00df an Benutzerfreundlichkeit einer Website.<\/p>\n<p>Cookies sind kleine Dateien, die auf Ihrem Endger\u00e4t abgelegt werden. Diese k\u00f6nnen genutzt werden, um festzustellen, ob von Ihrem Endger\u00e4t bereits eine Kommunikation zu unseren Seiten bestanden hat. Es wird lediglich das Cookie auf Ihrem Endger\u00e4t identifiziert. Personenbezogene Daten k\u00f6nnen dann in Cookies gespeichert werden, wenn Sie zugestimmt haben oder dies technisch unbedingt erforderlich ist, z.B. um einen gesch\u00fctzten Login zu erm\u00f6glichen.<\/p>\n<p>Wenn Sie unsere Website nutzen, stimmen Sie der Nutzung und Speicherung von Cookies auf Ihrem Endger\u00e4t zu. Sie k\u00f6nnen unsere Website aber auch ohne Cookies betrachten. Die meisten Browser akzeptieren Cookies automatisch. Sie k\u00f6nnen das Speichern von Cookies auf Ihrem Endger\u00e4t verhindern, indem Sie in Ihren Browser-Einstellungen *keine Cookies akzeptieren* w\u00e4hlen. Auf Ihrem Endger\u00e4t k\u00f6nnen Sie bereits gesetzte Cookies jederzeit l\u00f6schen. Wie das im Einzelnen funktioniert, entnehmen Sie bitte der Anleitung Ihres Browser bzw. Endger\u00e4te Herstellers.<\/p>\n<p>Wenn Sie keine Cookies akzeptieren, kann dieses aber zu Funktionseinschr\u00e4nkungen unserer Angebote f\u00fchren.<\/p>\n<p>Cookies sind kleine Dateien, die auf Ihrem Endger\u00e4t abgelegt werden. Diese k\u00f6nnen genutzt werden, um festzustellen, ob von Ihrem Endger\u00e4t bereits eine Kommunikation zu unseren Seiten bestanden hat. Es wird lediglich das Cookie auf Ihrem Endger\u00e4t identifiziert. Personenbezogene Daten k\u00f6nnen dann in Cookies gespeichert werden, wenn Sie zugestimmt haben oder dies technisch unbedingt erforderlich ist, z.B. um einen gesch\u00fctzten Login zu erm\u00f6glichen.<\/p>\n<p>Wenn Sie unsere Website nutzen, stimmen Sie der Nutzung und Speicherung von Cookies auf Ihrem Endger\u00e4t zu. Sie k\u00f6nnen unsere Website aber auch ohne Cookies betrachten. Die meisten Browser akzeptieren Cookies automatisch. Sie k\u00f6nnen das Speichern von Cookies auf Ihrem Endger\u00e4t verhindern, indem Sie in Ihren Browser-Einstellungen *keine Cookies akzeptieren* w\u00e4hlen. Auf Ihrem Endger\u00e4t k\u00f6nnen Sie bereits gesetzte Cookies jederzeit l\u00f6schen. Wie das im Einzelnen funktioniert, entnehmen Sie bitte der Anleitung Ihres Browser bzw. Endger\u00e4te Herstellers.<\/p>\n<p>Wenn Sie keine Cookies akzeptieren, kann dieses aber zu Funktionseinschr\u00e4nkungen unserer Angebote f\u00fchren.<\/p>\n<p><strong>Auswertung von Nutzungsdaten<\/strong><\/p>\n<p>Wir verwenden Cookies, um Pr\u00e4ferenzen der Besucher und besonders popul\u00e4re Bereiche unseres Internetangebots erkennen zu k\u00f6nnen. So k\u00f6nnen wir die Inhalte unserer Internetseiten gezielter auf Ihre Bed\u00fcrfnisse abstimmen und somit unser Angebot f\u00fcr Sie verbessern.<\/p>\n<p>Wenn Sie nicht m\u00f6chten, dass wir Informationen \u00fcber Ihren Besuch sammeln und analysieren, k\u00f6nnen Sie dem jederzeit f\u00fcr die Zukunft widersprechen.<\/p>\n<p>Zur technischen Umsetzung dieses Widerspruchs wird in Ihrem Browser ein Opt-Out Cookie gesetzt. Dieses Cookie dient ausschlie\u00dflich der Zuordnung Ihres Widerspruchs. Bitte beachten Sie, dass ein Opt-Out Cookie aus technischen Gr\u00fcnden nur f\u00fcr den Browser, von dem aus es gesetzt wurde, Verwendung finden kann. Wenn Sie die Cookies l\u00f6schen oder einen anderen Browser bzw. ein anderes Endger\u00e4t verwenden, m\u00fcssen Sie das Opt-Out erneut vornehmen.<\/p>\n<p><strong>RECHTLICHE HINWEISE<\/strong><\/p>\n<p><strong>Urheberrecht<\/strong><\/p>\n<p>Alle Texte, Bilder, Graphiken, Ton-, Video- und Animationsdateien sowie ihre Arrangements unterliegen dem Urheberrecht und anderen Gesetzen zum Schutz geistigen Eigentums. Sie d\u00fcrfen weder f\u00fcr Handelszwecke oder zur Weitergabe kopiert, noch ver\u00e4ndert und auf anderen Web-Sites verwendet werden.<\/p>\n<p><strong>Haftung<\/strong><\/p>\n<p>Auf unseren Internet-Seiten finden Sie auch Links zu anderen Seiten im Internet. Wir m\u00f6chten Sie darauf hinweisen, dass wir keinen Einfluss auf die Gestaltung und den Inhalt der Seiten haben, auf die verlinkt wird. Wir k\u00f6nnen daher auch keine Gew\u00e4hr f\u00fcr die Aktualit\u00e4t, Korrektheit, Vollst\u00e4ndigkeit oder Qualit\u00e4t der dort bereitgestellten Informationen \u00fcbernehmen. Vor diesem Hintergrund distanzieren wir uns hiermit von allen Inhalten dieser Seiten. Diese Erkl\u00e4rung gilt f\u00fcr alle auf unseren Internet-Seiten enthaltenen Links zu externen Seiten und deren Inhalte.<\/p>\n","protected":false},"excerpt":{"rendered":"<p>Container Artcare e.V Postfach 140121 14301 Berlin Germany phone: +49 1717523982 Email Uns! www.containerartcare.com Vorsitzender: Rudi Fischer Registergericht: Amtsgericht Bremen Registernummer: VR 7984 Umsatzsteuer-Identifikationsnummer: 60 146 13380 DATENSCHUTZ Container Art Care e.V. freut sich \u00fcber Ihren Besuch auf unserer Website sowie \u00fcber Ihr Interesse an unserem Unternehmen und unseren Produkten. Wir nehmen den Schutz Ihrer [&hellip;]<\/p>\n","protected":false},"author":2,"featured_media":0,"parent":0,"menu_order":5,"comment_status":"closed","ping_status":"closed","template":"SinglePage.php","meta":[],"_links":{"self":[{"href":"http:\/\/containerartcare.com\/index.php?rest_route=\/wp\/v2\/pages\/37"}],"collection":[{"href":"http:\/\/containerartcare.com\/index.php?rest_route=\/wp\/v2\/pages"}],"about":[{"href":"http:\/\/containerartcare.com\/index.php?rest_route=\/wp\/v2\/types\/page"}],"author":[{"embeddable":true,"href":"http:\/\/containerartcare.com\/index.php?rest_route=\/wp\/v2\/users\/2"}],"replies":[{"embeddable":true,"href":"http:\/\/containerartcare.com\/index.php?rest_route=%2Fwp%2Fv2%2Fcomments&post=37"}],"version-history":[{"count":2,"href":"http:\/\/containerartcare.com\/index.php?rest_route=\/wp\/v2\/pages\/37\/revisions"}],"predecessor-version":[{"id":564,"href":"http:\/\/containerartcare.com\/index.php?rest_route=\/wp\/v2\/pages\/37\/revisions\/564"}],"wp:attachment":[{"href":"http:\/\/containerartcare.com\/index.php?rest_route=%2Fwp%2Fv2%2Fmedia&parent=37"}],"curies":[{"name":"wp","href":"https:\/\/api.w.org\/{rel}","templated":true}]}}