{"id":60,"date":"2017-04-03T15:15:57","date_gmt":"2017-04-03T15:15:57","guid":{"rendered":"http:\/\/containerartcare.com\/?page_id=60"},"modified":"2018-03-08T18:27:33","modified_gmt":"2018-03-08T18:27:33","slug":"faq","status":"publish","type":"page","link":"http:\/\/containerartcare.com\/?page_id=60","title":{"rendered":"FAQ"},"content":{"rendered":"<h2>H\u00e4ufig gestellte Fragen<\/h2>\n<div class=\"hrf-faq-list\"><article class=\"hrf-entry\" id=\"hrf-entry-119\">\n                      <h3 class=\"hrf-title close-faq\" data-content-id=\"hrf-content-119\"><span><\/span>Warum Container?<\/h3>\n                     <div class=\"hrf-content\" id=\"hrf-content-119\"><p>Container reisen die ganze Welt , tragen zur Vernetzung ganzer Volkswirtschaften bei und sind eine der wenigen weltweit g\u00fcltigen Normen. Damit sind Container am besten geeignet als Botschafter von Container Art Care zu dienen: F\u00fcr Normen, die f\u00fcr jeden Einzelnen die Grundlage eines lebenswerten Daseins darstellen.<\/p>\n<\/div>\n                  <\/article><article class=\"hrf-entry\" id=\"hrf-entry-120\">\n                      <h3 class=\"hrf-title close-faq\" data-content-id=\"hrf-content-120\"><span><\/span>Warum sollte ich alle 5 Container besichtigen?<\/h3>\n                     <div class=\"hrf-content\" id=\"hrf-content-120\"><p>Es handelt sich um eine 5-teilige Reise mit unterschiedlichen Blickwinkeln und an 5 verschiedenen Standorten in der Pfalz. Die interaktiven Elemente jedes der 5 Ausstellungscontainer bauen aufeinander auf und die Besucher erhalten die M\u00f6glichkeit sich interaktiv und dauerhaft mit dem Projekt auseinanderzusetzen und Beitr\u00e4ge zu verschiedenen Themen auf einer geschlossenen Plattform zu kommunizieren. Der erste Standort wird in Sankt Martin ab dem 14. April 2018 sein.<\/p>\n<\/div>\n                  <\/article><article class=\"hrf-entry\" id=\"hrf-entry-121\">\n                      <h3 class=\"hrf-title close-faq\" data-content-id=\"hrf-content-121\"><span><\/span>Warum kann ich online Eintrittskarten f\u00fcr die Ausstellung nur online \u00fcber Fundouts kaufen?<\/h3>\n                     <div class=\"hrf-content\" id=\"hrf-content-121\"><p>Das Geld wird ben\u00f6tigt, um in erster Linie das Projekt realisieren zu k\u00f6nnen. Fundouts wird als crowdfunding-Plattform genutzt, um die erste beiden Stufen der Ausstellung zu finanzieren.<\/p>\n<\/div>\n                  <\/article><article class=\"hrf-entry\" id=\"hrf-entry-122\">\n                      <h3 class=\"hrf-title close-faq\" data-content-id=\"hrf-content-122\"><span><\/span>Wie lange ist die Ausstellungsdauer und wie werden die \u00d6ffnungszeiten sein?<\/h3>\n                     <div class=\"hrf-content\" id=\"hrf-content-122\"><div class=\"acc-container\">\n<div class=\"content\">\n<p>Der erste Ausstellungscontainer &#8218;Metawerte&#8216; wird vom 14. April bis zum 26. Mai 2018 in Sankt Martin f\u00fcr die \u00d6ffentlichkeit zug\u00e4nglich sein. Es kann durchaus vorkommen , dass sich aufgrund erh\u00f6htem Besucheraufkommens Wartezeiten ergeben k\u00f6nnten.<\/p>\n<\/div>\n<\/div>\n<\/div>\n                  <\/article><article class=\"hrf-entry\" id=\"hrf-entry-123\">\n                      <h3 class=\"hrf-title close-faq\" data-content-id=\"hrf-content-123\"><span><\/span>Warum ben\u00f6tige ich ein Telefon oder Tablet mit Internetverbindung?<\/h3>\n                     <div class=\"hrf-content\" id=\"hrf-content-123\"><div class=\"acc-container\">\n<div class=\"content\">\n<p>Im Inneren des Ausstellungscontainers wird es interaktive Fragen f\u00fcr die Besucher geben. Mit dem Login in die Website ensteht ein interaktiver Erlebnisraum bei dem die Besucher die Gelegenheit erhalten, sich tiefgreifender \u00fcber Wertefragen nachzudenken und es wird eine verst\u00e4ndlichere Auseinandersetzung mit der Ausstellung erm\u00f6glicht.<\/p>\n<\/div>\n<\/div>\n<\/div>\n                  <\/article><article class=\"hrf-entry\" id=\"hrf-entry-124\">\n                      <h3 class=\"hrf-title close-faq\" data-content-id=\"hrf-content-124\"><span><\/span>Ist die Ausstellung f\u00fcr jede Altersgruppe geeignet?<\/h3>\n                     <div class=\"hrf-content\" id=\"hrf-content-124\"><div class=\"acc-container\">\n<div class=\"content\">\n<p>Ja! Beachten Sie, dass die Erfahrung mit einem Smartphone die Ausstellung f\u00fcr Sie zug\u00e4nglicher macht..<\/p>\n<\/div>\n<\/div>\n<\/div>\n                  <\/article><article class=\"hrf-entry\" id=\"hrf-entry-125\">\n                      <h3 class=\"hrf-title close-faq\" data-content-id=\"hrf-content-125\"><span><\/span>Sind die Container f\u00fcr Behinderte zug\u00e4nglich?<\/h3>\n                     <div class=\"hrf-content\" id=\"hrf-content-125\"><div class=\"acc-container\">\n<div class=\"content\">\n<p>Ja. F\u00fcr Menschen mit Rollstuhl und Gehst\u00fctzen ist ein barrierefreier Zugang m\u00f6glich<\/p>\n<\/div>\n<\/div>\n<\/div>\n                  <\/article><article class=\"hrf-entry\" id=\"hrf-entry-126\">\n                      <h3 class=\"hrf-title close-faq\" data-content-id=\"hrf-content-126\"><span><\/span>Wer ist Rudi Fischer?<\/h3>\n                     <div class=\"hrf-content\" id=\"hrf-content-126\"><div class=\"acc-container\">\n<div class=\"content\">\n<p>Rudi Fischer ist ein K\u00fcnstler aus Bremen.<br \/>\nEine genauere Beschreibung finden Sie auf wikipedia.de unter<br \/>\nhttps:\/\/de.wikipedia.org\/wiki\/Rudi_Fischer_(K\u00fcnstler)<\/p>\n<\/div>\n<\/div>\n<\/div>\n                  <\/article><article class=\"hrf-entry\" id=\"hrf-entry-127\">\n                      <h3 class=\"hrf-title close-faq\" data-content-id=\"hrf-content-127\"><span><\/span>Was ist daran Kunst?<\/h3>\n                     <div class=\"hrf-content\" id=\"hrf-content-127\"><div class=\"acc-container\">\n<div class=\"content\">\n<div class=\"acc-container\">\n<div class=\"content\">\n<p>Diese f\u00fcnf Ausstellungscontainer sollen als &#8222;neverending rolling sculptures&#8220; kontinuierlich durch die Welt reisen, als Botschafter f\u00fcr einen &#8222;universellen ethischen Wertekanon&#8220;. Die aktive Beteiligung der Besucher ist ein wesentlicher Bestandteil dieses Kunstwerks und Voraussetzung f\u00fcr dessen Erfolg. Als Ergebnis entsteht eine &#8222;soziale Skulptur&#8220; deren Inhalte im 5. Ausstellungscontainer transparent gemacht werden.<\/p>\n<\/div>\n<\/div>\n<\/div>\n<\/div>\n<\/div>\n                  <\/article><\/div>\n","protected":false},"excerpt":{"rendered":"<p>H\u00e4ufig gestellte Fragen<\/p>\n","protected":false},"author":2,"featured_media":0,"parent":0,"menu_order":4,"comment_status":"closed","ping_status":"closed","template":"OnePage.php","meta":[],"_links":{"self":[{"href":"http:\/\/containerartcare.com\/index.php?rest_route=\/wp\/v2\/pages\/60"}],"collection":[{"href":"http:\/\/containerartcare.com\/index.php?rest_route=\/wp\/v2\/pages"}],"about":[{"href":"http:\/\/containerartcare.com\/index.php?rest_route=\/wp\/v2\/types\/page"}],"author":[{"embeddable":true,"href":"http:\/\/containerartcare.com\/index.php?rest_route=\/wp\/v2\/users\/2"}],"replies":[{"embeddable":true,"href":"http:\/\/containerartcare.com\/index.php?rest_route=%2Fwp%2Fv2%2Fcomments&post=60"}],"version-history":[{"count":4,"href":"http:\/\/containerartcare.com\/index.php?rest_route=\/wp\/v2\/pages\/60\/revisions"}],"predecessor-version":[{"id":128,"href":"http:\/\/containerartcare.com\/index.php?rest_route=\/wp\/v2\/pages\/60\/revisions\/128"}],"wp:attachment":[{"href":"http:\/\/containerartcare.com\/index.php?rest_route=%2Fwp%2Fv2%2Fmedia&parent=60"}],"curies":[{"name":"wp","href":"https:\/\/api.w.org\/{rel}","templated":true}]}}